{"id":1661,"date":"2025-08-25T13:24:48","date_gmt":"2025-08-25T17:24:48","guid":{"rendered":""},"modified":"2025-08-25T13:26:46","modified_gmt":"2025-08-25T17:26:46","slug":"colorescience-sunforgettable-protection-totale-ecran-visage-flex-spf-50-moyen","status":"publish","type":"product","link":"https:\/\/skincarebycuramed.ca\/fr\/produit\/colorescience-sunforgettable-protection-totale-ecran-visage-flex-spf-50-moyen\/","title":{"rendered":"Colorescience\u00a0: Sunforgettable\u00ae Protection Totale\u2122 \u00c9cran Visage Flex SPF 50 &#8211; MOYEN"},"content":{"rendered":"","protected":false},"excerpt":{"rendered":"<p>Un \u00e9cran solaire min\u00e9ral l\u00e9ger avec une couverture de couleur teint\u00e9e unifie imm\u00e9diatement le teint pour un look impeccable. Disponible en quatre teintes uniques et flexibles pour une gamme de teints de peau, il contient des pigments innovants qui s&rsquo;adaptent au teint et qui offrent une couverture de couleur moyenne et modulable avec un fini naturel.<\/p>\n<p>Les imperfections sont estomp\u00e9es et le teint est unifi\u00e9. Formul\u00e9 avec notre technologie exclusive EnviroScreen\u00ae, ce fond de teint l\u00e9ger offre une protection enti\u00e8rement min\u00e9rale contre les agresseurs environnementaux tels que les UVA\/UVB, la pollution, la lumi\u00e8re bleue et le rayonnement infrarouge. Des ingr\u00e9dients brevet\u00e9s et une formule min\u00e9rale hydratante et riche en antioxydants nourrissent et prot\u00e8gent contre les radicaux libres qui contribuent au vieillissement pr\u00e9matur\u00e9 de la peau<br \/>\nendommager.<\/p>\n<p>55 mL<\/p>\n","protected":false},"featured_media":1662,"template":"","meta":[],"product_cat":[],"product_tag":[],"class_list":{"0":"post-1661","1":"product","2":"type-product","3":"status-publish","4":"has-post-thumbnail","7":"first","8":"instock","9":"shipping-taxable","10":"purchasable","11":"product-type-simple"},"_links":{"self":[{"href":"https:\/\/skincarebycuramed.ca\/fr\/wp-json\/wp\/v2\/product\/1661","targetHints":{"allow":["GET"]}}],"collection":[{"href":"https:\/\/skincarebycuramed.ca\/fr\/wp-json\/wp\/v2\/product"}],"about":[{"href":"https:\/\/skincarebycuramed.ca\/fr\/wp-json\/wp\/v2\/types\/product"}],"version-history":[{"count":0,"href":"https:\/\/skincarebycuramed.ca\/fr\/wp-json\/wp\/v2\/product\/1661\/revisions"}],"wp:featuredmedia":[{"embeddable":true,"href":"https:\/\/skincarebycuramed.ca\/fr\/wp-json\/wp\/v2\/media\/1662"}],"wp:attachment":[{"href":"https:\/\/skincarebycuramed.ca\/fr\/wp-json\/wp\/v2\/media?parent=1661"}],"wp:term":[{"taxonomy":"product_cat","embeddable":true,"href":"https:\/\/skincarebycuramed.ca\/fr\/wp-json\/wp\/v2\/product_cat?post=1661"},{"taxonomy":"product_tag","embeddable":true,"href":"https:\/\/skincarebycuramed.ca\/fr\/wp-json\/wp\/v2\/product_tag?post=1661"}],"curies":[{"name":"wp","href":"https:\/\/api.w.org\/{rel}","templated":true}]}}