{"id":1643,"date":"2025-08-25T09:27:10","date_gmt":"2025-08-25T09:27:10","guid":{"rendered":""},"modified":"2025-08-25T09:30:31","modified_gmt":"2025-08-25T13:30:31","slug":"colorescience-sunforgettable-protection-totale-ecran-visage-spf-50-eclat","status":"publish","type":"product","link":"https:\/\/skincarebycuramed.ca\/fr\/produit\/colorescience-sunforgettable-protection-totale-ecran-visage-spf-50-eclat\/","title":{"rendered":"Colorescience\u00a0: Sunforgettable\u00ae Protection Totale\u2122 \u00c9cran Visage SPF 50 &#8211; \u00c9clat"},"content":{"rendered":"","protected":false},"excerpt":{"rendered":"<p>Ce puissant protecteur offre un \u00e9clat perl\u00e9 et lumineux pour un teint sain et naturellement radieux.<br data-start=\"264\" data-end=\"267\" \/> Notre technologie exclusive <strong data-start=\"295\" data-end=\"312\">EnviroScreen\u2122<\/strong> assure une protection 100\u00a0% min\u00e9rale contre les agressions environnementales telles que les UVA\/UVB, la pollution, la lumi\u00e8re bleue et les rayonnements infrarouges.<br data-start=\"477\" data-end=\"480\" \/> Des ingr\u00e9dients brevet\u00e9s et une formule min\u00e9rale hydratante, riche en antioxydants, nourrissent la peau et la prot\u00e8gent des radicaux libres responsables du vieillissement cutan\u00e9.<br data-start=\"658\" data-end=\"661\" \/> Une protection totale dans une texture \u00e9l\u00e9gante qui se fond parfaitement \u00e0 la peau avec une finition l\u00e9g\u00e8re et imperceptible.<\/p>\n<p>1.8 fl. oz. \/ 55 mL<\/p>\n","protected":false},"featured_media":1849,"comment_status":"open","ping_status":"closed","template":"","meta":[],"product_cat":[527],"product_tag":[],"class_list":{"0":"post-1643","1":"product","2":"type-product","3":"status-publish","4":"has-post-thumbnail","6":"product_cat-creme-solaire","8":"first","9":"instock","10":"shipping-taxable","11":"purchasable","12":"product-type-simple"},"_links":{"self":[{"href":"https:\/\/skincarebycuramed.ca\/fr\/wp-json\/wp\/v2\/product\/1643","targetHints":{"allow":["GET"]}}],"collection":[{"href":"https:\/\/skincarebycuramed.ca\/fr\/wp-json\/wp\/v2\/product"}],"about":[{"href":"https:\/\/skincarebycuramed.ca\/fr\/wp-json\/wp\/v2\/types\/product"}],"replies":[{"embeddable":true,"href":"https:\/\/skincarebycuramed.ca\/fr\/wp-json\/wp\/v2\/comments?post=1643"}],"version-history":[{"count":0,"href":"https:\/\/skincarebycuramed.ca\/fr\/wp-json\/wp\/v2\/product\/1643\/revisions"}],"wp:featuredmedia":[{"embeddable":true,"href":"https:\/\/skincarebycuramed.ca\/fr\/wp-json\/wp\/v2\/media\/1849"}],"wp:attachment":[{"href":"https:\/\/skincarebycuramed.ca\/fr\/wp-json\/wp\/v2\/media?parent=1643"}],"wp:term":[{"taxonomy":"product_cat","embeddable":true,"href":"https:\/\/skincarebycuramed.ca\/fr\/wp-json\/wp\/v2\/product_cat?post=1643"},{"taxonomy":"product_tag","embeddable":true,"href":"https:\/\/skincarebycuramed.ca\/fr\/wp-json\/wp\/v2\/product_tag?post=1643"}],"curies":[{"name":"wp","href":"https:\/\/api.w.org\/{rel}","templated":true}]}}