{"id":1637,"date":"2025-08-25T09:13:07","date_gmt":"2025-08-25T09:13:07","guid":{"rendered":""},"modified":"2025-08-25T09:15:23","modified_gmt":"2025-08-25T13:15:23","slug":"new-product-27","status":"publish","type":"product","link":"https:\/\/skincarebycuramed.ca\/fr\/produit\/new-product-27\/","title":{"rendered":"Colorescience : Sunforgettable EnviroScreen\u2122 Protection Poudre Protectrice SPF 50 &#8211; P\u00c2LE"},"content":{"rendered":"","protected":false},"excerpt":{"rendered":"<p>Reformul\u00e9 avec la technologie EnviroScreen pour assurer une protection contre les rayons UVA\/UVB, la pollution et les autres agresseurs environnementaux\u00a0Disponible en 4 nuances.<\/p>\n<p>Des ingr\u00e9dients brevet\u00e9s et une poudre min\u00e9rale infus\u00e9e d\u2019antioxydants contribuent \u00e0 prot\u00e9ger la peau des radicaux libres, tandis que l\u2019acide hyaluronique l\u2019hydrate pour qu\u2019elle conserve sa souplesse. Une protection contre les agresseurs environnementaux en une seule application pratique, en tout temps, lors de vos d\u00e9placements, seule ou sur du maquillage.<\/p>\n<p>6 g<\/p>\n","protected":false},"featured_media":1638,"comment_status":"open","ping_status":"closed","template":"","meta":[],"product_cat":[527],"product_tag":[],"class_list":{"0":"post-1637","1":"product","2":"type-product","3":"status-publish","4":"has-post-thumbnail","6":"product_cat-creme-solaire","8":"first","9":"instock","10":"shipping-taxable","11":"purchasable","12":"product-type-simple"},"_links":{"self":[{"href":"https:\/\/skincarebycuramed.ca\/fr\/wp-json\/wp\/v2\/product\/1637","targetHints":{"allow":["GET"]}}],"collection":[{"href":"https:\/\/skincarebycuramed.ca\/fr\/wp-json\/wp\/v2\/product"}],"about":[{"href":"https:\/\/skincarebycuramed.ca\/fr\/wp-json\/wp\/v2\/types\/product"}],"replies":[{"embeddable":true,"href":"https:\/\/skincarebycuramed.ca\/fr\/wp-json\/wp\/v2\/comments?post=1637"}],"version-history":[{"count":0,"href":"https:\/\/skincarebycuramed.ca\/fr\/wp-json\/wp\/v2\/product\/1637\/revisions"}],"wp:featuredmedia":[{"embeddable":true,"href":"https:\/\/skincarebycuramed.ca\/fr\/wp-json\/wp\/v2\/media\/1638"}],"wp:attachment":[{"href":"https:\/\/skincarebycuramed.ca\/fr\/wp-json\/wp\/v2\/media?parent=1637"}],"wp:term":[{"taxonomy":"product_cat","embeddable":true,"href":"https:\/\/skincarebycuramed.ca\/fr\/wp-json\/wp\/v2\/product_cat?post=1637"},{"taxonomy":"product_tag","embeddable":true,"href":"https:\/\/skincarebycuramed.ca\/fr\/wp-json\/wp\/v2\/product_tag?post=1637"}],"curies":[{"name":"wp","href":"https:\/\/api.w.org\/{rel}","templated":true}]}}