{"id":1485,"date":"2025-07-17T13:32:13","date_gmt":"2025-07-17T13:32:13","guid":{"rendered":""},"modified":"2025-10-27T17:38:38","modified_gmt":"2025-10-27T17:38:38","slug":"skinceuticals-retinol-05","status":"publish","type":"product","link":"https:\/\/skincarebycuramed.ca\/fr\/produit\/skinceuticals-retinol-05\/","title":{"rendered":"SkinCeuticals R\u00e9tinol 0.5%"},"content":{"rendered":"","protected":false},"excerpt":{"rendered":"<p>Retinol 0.5 est une cr\u00e8me pour le visage concentr\u00e9e en r\u00e9tinol pur qui am\u00e9liore l&rsquo;apparence des signes visibles du vieillissement.<\/p>\n<p>Ce puissant traitement de nuit contient 0,5 % de r\u00e9tinol pur, am\u00e9lior\u00e9 par les derni\u00e8res technologies de stabilisation et d&rsquo;administration afin d&rsquo;assurer une lib\u00e9ration r\u00e9guli\u00e8re et uniforme.<\/p>\n<p>Formul\u00e9e avec du bisabolol apaisant pour minimiser les irritations et sp\u00e9cialement conditionn\u00e9e pour pr\u00e9server son efficacit\u00e9, cette cr\u00e8me au r\u00e9tinol pour le visage aide \u00e0 am\u00e9liorer l&rsquo;apparence des rides et ridules, la d\u00e9coloration, la texture et les pores en acc\u00e9l\u00e9rant le renouvellement cellulaire.<\/p>\n<p>1 oz. \/ 30 mL<\/p>\n","protected":false},"featured_media":1486,"comment_status":"open","ping_status":"closed","template":"","meta":[],"product_cat":[614],"product_tag":[],"class_list":{"0":"post-1485","1":"product","2":"type-product","3":"status-publish","4":"has-post-thumbnail","6":"product_cat-retinoides","8":"first","9":"instock","10":"shipping-taxable","11":"purchasable","12":"product-type-simple"},"_links":{"self":[{"href":"https:\/\/skincarebycuramed.ca\/fr\/wp-json\/wp\/v2\/product\/1485","targetHints":{"allow":["GET"]}}],"collection":[{"href":"https:\/\/skincarebycuramed.ca\/fr\/wp-json\/wp\/v2\/product"}],"about":[{"href":"https:\/\/skincarebycuramed.ca\/fr\/wp-json\/wp\/v2\/types\/product"}],"replies":[{"embeddable":true,"href":"https:\/\/skincarebycuramed.ca\/fr\/wp-json\/wp\/v2\/comments?post=1485"}],"version-history":[{"count":2,"href":"https:\/\/skincarebycuramed.ca\/fr\/wp-json\/wp\/v2\/product\/1485\/revisions"}],"predecessor-version":[{"id":1864,"href":"https:\/\/skincarebycuramed.ca\/fr\/wp-json\/wp\/v2\/product\/1485\/revisions\/1864"}],"wp:featuredmedia":[{"embeddable":true,"href":"https:\/\/skincarebycuramed.ca\/fr\/wp-json\/wp\/v2\/media\/1486"}],"wp:attachment":[{"href":"https:\/\/skincarebycuramed.ca\/fr\/wp-json\/wp\/v2\/media?parent=1485"}],"wp:term":[{"taxonomy":"product_cat","embeddable":true,"href":"https:\/\/skincarebycuramed.ca\/fr\/wp-json\/wp\/v2\/product_cat?post=1485"},{"taxonomy":"product_tag","embeddable":true,"href":"https:\/\/skincarebycuramed.ca\/fr\/wp-json\/wp\/v2\/product_tag?post=1485"}],"curies":[{"name":"wp","href":"https:\/\/api.w.org\/{rel}","templated":true}]}}