{"id":1472,"date":"2025-07-17T10:52:03","date_gmt":"2025-07-17T14:52:03","guid":{"rendered":""},"modified":"2025-07-17T13:31:22","modified_gmt":"2025-07-17T17:31:22","slug":"skinsceuticals-resveratrol-b-e","status":"publish","type":"product","link":"https:\/\/skincarebycuramed.ca\/fr\/produit\/skinsceuticals-resveratrol-b-e\/","title":{"rendered":"SkinCeuticals Resveratrol B E"},"content":{"rendered":"","protected":false},"excerpt":{"rendered":"<p>S\u00e9rum de Nuit<\/p>\n<p>Resveratrol B E est le premier s\u00e9rum de nuit pour le visage qui associe une concentration maximale de 1 % de resv\u00e9ratrol pur et stable \u00e0 0,5 % de baicaline et 1 % de vitamine E pure (alpha-tocoph\u00e9rol) pour une performance anti-\u00e2ge optimis\u00e9e. Ce cocktail brevet\u00e9 soutient les d\u00e9fenses naturelles de la peau et r\u00e9v\u00e8le un \u00e9clat et une fermet\u00e9 visibles.<\/p>\n<p>1 fl. oz \/ 30 mL<\/p>\n","protected":false},"featured_media":1473,"template":"","meta":[],"product_cat":[548],"product_tag":[],"class_list":{"0":"post-1472","1":"product","2":"type-product","3":"status-publish","4":"has-post-thumbnail","6":"product_cat-serums","8":"first","9":"instock","10":"shipping-taxable","11":"purchasable","12":"product-type-simple"},"_links":{"self":[{"href":"https:\/\/skincarebycuramed.ca\/fr\/wp-json\/wp\/v2\/product\/1472","targetHints":{"allow":["GET"]}}],"collection":[{"href":"https:\/\/skincarebycuramed.ca\/fr\/wp-json\/wp\/v2\/product"}],"about":[{"href":"https:\/\/skincarebycuramed.ca\/fr\/wp-json\/wp\/v2\/types\/product"}],"version-history":[{"count":0,"href":"https:\/\/skincarebycuramed.ca\/fr\/wp-json\/wp\/v2\/product\/1472\/revisions"}],"wp:featuredmedia":[{"embeddable":true,"href":"https:\/\/skincarebycuramed.ca\/fr\/wp-json\/wp\/v2\/media\/1473"}],"wp:attachment":[{"href":"https:\/\/skincarebycuramed.ca\/fr\/wp-json\/wp\/v2\/media?parent=1472"}],"wp:term":[{"taxonomy":"product_cat","embeddable":true,"href":"https:\/\/skincarebycuramed.ca\/fr\/wp-json\/wp\/v2\/product_cat?post=1472"},{"taxonomy":"product_tag","embeddable":true,"href":"https:\/\/skincarebycuramed.ca\/fr\/wp-json\/wp\/v2\/product_tag?post=1472"}],"curies":[{"name":"wp","href":"https:\/\/api.w.org\/{rel}","templated":true}]}}