{"id":1448,"date":"2025-07-17T10:10:28","date_gmt":"2025-07-17T10:10:28","guid":{"rendered":""},"modified":"2025-08-14T09:52:11","modified_gmt":"2025-08-14T09:52:11","slug":"skinceuticals-nettoyant-doux","status":"publish","type":"product","link":"https:\/\/skincarebycuramed.ca\/fr\/produit\/skinceuticals-nettoyant-doux\/","title":{"rendered":"SkinCeuticals Nettoyant Doux"},"content":{"rendered":"","protected":false},"excerpt":{"rendered":"<p>Nettoyant cr\u00e9meux et non moussant, Gentle Cleanser contient un tensioactif riche en \u00e9mollients, de l&rsquo;allanto\u00efne et de la glyc\u00e9rine pour hydrater, adoucir et revitaliser la peau. Con\u00e7u pour r\u00e9conforter les peaux s\u00e8ches et tiraill\u00e9es, il \u00e9limine efficacement les impuret\u00e9s et le maquillage longue dur\u00e9e du visage et des yeux sans laisser de traces.<\/p>\n<p>6.4 fl. oz. \/ 190 mL<\/p>\n","protected":false},"featured_media":1446,"comment_status":"open","ping_status":"closed","template":"","meta":[],"product_cat":[526],"product_tag":[],"class_list":{"0":"post-1448","1":"product","2":"type-product","3":"status-publish","4":"has-post-thumbnail","6":"product_cat-nettoyants-fr","8":"first","9":"instock","10":"shipping-taxable","11":"purchasable","12":"product-type-simple"},"_links":{"self":[{"href":"https:\/\/skincarebycuramed.ca\/fr\/wp-json\/wp\/v2\/product\/1448","targetHints":{"allow":["GET"]}}],"collection":[{"href":"https:\/\/skincarebycuramed.ca\/fr\/wp-json\/wp\/v2\/product"}],"about":[{"href":"https:\/\/skincarebycuramed.ca\/fr\/wp-json\/wp\/v2\/types\/product"}],"replies":[{"embeddable":true,"href":"https:\/\/skincarebycuramed.ca\/fr\/wp-json\/wp\/v2\/comments?post=1448"}],"version-history":[{"count":0,"href":"https:\/\/skincarebycuramed.ca\/fr\/wp-json\/wp\/v2\/product\/1448\/revisions"}],"wp:featuredmedia":[{"embeddable":true,"href":"https:\/\/skincarebycuramed.ca\/fr\/wp-json\/wp\/v2\/media\/1446"}],"wp:attachment":[{"href":"https:\/\/skincarebycuramed.ca\/fr\/wp-json\/wp\/v2\/media?parent=1448"}],"wp:term":[{"taxonomy":"product_cat","embeddable":true,"href":"https:\/\/skincarebycuramed.ca\/fr\/wp-json\/wp\/v2\/product_cat?post=1448"},{"taxonomy":"product_tag","embeddable":true,"href":"https:\/\/skincarebycuramed.ca\/fr\/wp-json\/wp\/v2\/product_tag?post=1448"}],"curies":[{"name":"wp","href":"https:\/\/api.w.org\/{rel}","templated":true}]}}