{"id":1402,"date":"2025-07-11T10:04:09","date_gmt":"2025-07-11T14:04:09","guid":{"rendered":""},"modified":"2025-07-17T11:09:09","modified_gmt":"2025-07-17T15:09:09","slug":"gel-effet-instantane-yeux","status":"publish","type":"product","link":"https:\/\/skincarebycuramed.ca\/fr\/produit\/gel-effet-instantane-yeux\/","title":{"rendered":"SkinBetter Science Gel effet instantan\u00e9 YEUX"},"content":{"rendered":"","protected":false},"excerpt":{"rendered":"<p>Ce gel l\u00e9ger pour les yeux est formul\u00e9 pour am\u00e9liorer l\u2019apparence de la texture de la peau autour de la zone des yeux. Enrichi d\u2019un extrait de caf\u00e9, d\u2019algues puissantes et d\u2019un m\u00e9lange d\u2019extraits de plantes, ce gel pour les yeux aide \u00e0 adoucir, lisser et hydrater la zone d\u00e9licate des yeux.<\/p>\n<p>0.5 fl. oz. \/ 15 mL<\/p>\n","protected":false},"featured_media":1400,"template":"","meta":[],"product_cat":[615],"product_tag":[],"class_list":{"0":"post-1402","1":"product","2":"type-product","3":"status-publish","4":"has-post-thumbnail","6":"product_cat-traitement-cible","8":"first","9":"instock","10":"shipping-taxable","11":"purchasable","12":"product-type-simple"},"_links":{"self":[{"href":"https:\/\/skincarebycuramed.ca\/fr\/wp-json\/wp\/v2\/product\/1402","targetHints":{"allow":["GET"]}}],"collection":[{"href":"https:\/\/skincarebycuramed.ca\/fr\/wp-json\/wp\/v2\/product"}],"about":[{"href":"https:\/\/skincarebycuramed.ca\/fr\/wp-json\/wp\/v2\/types\/product"}],"version-history":[{"count":0,"href":"https:\/\/skincarebycuramed.ca\/fr\/wp-json\/wp\/v2\/product\/1402\/revisions"}],"wp:featuredmedia":[{"embeddable":true,"href":"https:\/\/skincarebycuramed.ca\/fr\/wp-json\/wp\/v2\/media\/1400"}],"wp:attachment":[{"href":"https:\/\/skincarebycuramed.ca\/fr\/wp-json\/wp\/v2\/media?parent=1402"}],"wp:term":[{"taxonomy":"product_cat","embeddable":true,"href":"https:\/\/skincarebycuramed.ca\/fr\/wp-json\/wp\/v2\/product_cat?post=1402"},{"taxonomy":"product_tag","embeddable":true,"href":"https:\/\/skincarebycuramed.ca\/fr\/wp-json\/wp\/v2\/product_tag?post=1402"}],"curies":[{"name":"wp","href":"https:\/\/api.w.org\/{rel}","templated":true}]}}