{"id":1219,"date":"2025-06-05T01:50:35","date_gmt":"2025-06-05T01:50:35","guid":{"rendered":"https:\/\/skincarebycuramed.ca\/product\/vivier-retinol-03-30-ml-1-fl-oz-65g\/"},"modified":"2025-07-10T11:34:22","modified_gmt":"2025-07-10T15:34:22","slug":"vivier-retinol-03-30-ml-1-fl-oz-65g","status":"publish","type":"product","link":"https:\/\/skincarebycuramed.ca\/fr\/produit\/vivier-retinol-03-30-ml-1-fl-oz-65g\/","title":{"rendered":"Vivier R\u00e9tinol 0.3 %"},"content":{"rendered":"\t\t<div data-elementor-type=\"wp-post\" data-elementor-id=\"1219\" class=\"elementor elementor-1219 elementor-856\">\n\t\t\t\t<div class=\"wd-negative-gap elementor-element elementor-element-e002886 e-flex e-con-boxed e-con e-parent\" data-id=\"e002886\" data-element_type=\"container\">\n\t\t\t\t\t<div class=\"e-con-inner\">\n\t\t\t\t<div class=\"elementor-element elementor-element-a6bd20d elementor-widget elementor-widget-wd_text_block\" data-id=\"a6bd20d\" data-element_type=\"widget\" data-widget_type=\"wd_text_block.default\">\n\t\t\t\t<div class=\"elementor-widget-container\">\n\t\t\t\t\t\t\t<div class=\"wd-text-block reset-last-child text-left\">\n\t\t\t\n\t\t\t<p><span style=\"font-family: Satoshi, Arial, Helvetica, sans-serif;font-size: 16px;font-style: normal;font-weight: 500\">Evidently, these ingredients combine to make your summer experience unforgettable for the right reasons, preventing sunburn, dryness, photoaging as well as other unpleasant feelings. Likewise, dark spots are easier to avoid as this sunscreen reinforces broad-spectrum UVA\/UVB protection. All in all, this is truly a must-have that innovates without relinquishing M\u00e1dara's values of transparency and sustainability. Once again, these core resources were consciously extracted from Nordic forests, having the planet's well-being in mind. Finally, this sunscreen offers a great example of how efficient solar protection can also be eco-friendly.<\/span><\/p><h4 id=\"wd-e071d9da\" class=\"wp-block-wd-title title\" style=\"margin-bottom: var(--wd-tags-mb, 20px);font-style: normal;font-weight: var(--wd-title-font-weight);font-family: Satoshi, Arial, Helvetica, sans-serif;font-size: 18px;text-transform: none;--wd-trans-main: all .25s ease\">Features of Rilastil Aqua Detergente Viso:<span style=\"font-size: 16px;text-align: var(--text-align);background-color: var(--bgcolor-white);color: var(--wd-text-color)\"><\/span><\/h4>\n\t\t\t\t\t<\/div>\n\t\t\t\t\t\t<\/div>\n\t\t\t\t<\/div>\n\t\t\t\t<div class=\"elementor-element elementor-element-18ee86b elementor-widget elementor-widget-wd_list\" data-id=\"18ee86b\" data-element_type=\"widget\" data-widget_type=\"wd_list.default\">\n\t\t\t\t<div class=\"elementor-widget-container\">\n\t\t\t\t\t\t\t<ul class=\"wd-list color-scheme- wd-fontsize-s wd-type-unordered wd-style-default text-left\">\n\t\t\t\t\t\t\t\t\t\t\t<li class=\"elementor-repeater-item-2c2edbb\">\n\t\t\t\t\t\t\t\t\t\t\t<span class=\"wd-icon\"><\/span>\t\t\t\t\t\n\t\t\t\t\t<span class=\"wd-list-content list-content\">\n\t\t\t\t\t\tThe stem cells from northern dragonhead successfully fight solar damage, inhibiting the spread of free radicals. Additionally, they contribute to minimizing pigmentation, in turn boosting collagen formation.\t\t\t\t\t<\/span>\n\n\t\t\t\t\t\t\t\t\t<\/li>\n\t\t\t\t\t\t\t\t\t\t\t<li class=\"elementor-repeater-item-006c7d3\">\n\t\t\t\t\t\t\t\t\t\t\t<span class=\"wd-icon\"><\/span>\t\t\t\t\t\n\t\t\t\t\t<span class=\"wd-list-content list-content\">\n\t\t\t\t\t\tRaspberry seed oil eases symptoms of inflammatory skin conditions and helps shield the skin from external threats. Besides containing Vitamin E, this oil concentrates high levels of phytosterols that can help reduce water loss. Therefore, it keeps your complexion hydrated.\t\t\t\t\t<\/span>\n\n\t\t\t\t\t\t\t\t\t<\/li>\n\t\t\t\t\t\t\t\t\t\t\t<li class=\"elementor-repeater-item-5108c0f\">\n\t\t\t\t\t\t\t\t\t\t\t<span class=\"wd-icon\"><\/span>\t\t\t\t\t\n\t\t\t\t\t<span class=\"wd-list-content list-content\">\n\t\t\t\t\t\tZinc Oxide reflects solar rays like a mirror. Without penetrating your complexion, it gives effortless broad-spectrum UVA\/UVB protection and has solid safety evidence.\t\t\t\t\t<\/span>\n\n\t\t\t\t\t\t\t\t\t<\/li>\n\t\t\t\t\t\t\t\t\t\t\t<li class=\"elementor-repeater-item-a40fe5e\">\n\t\t\t\t\t\t\t\t\t\t\t<span class=\"wd-icon\"><\/span>\t\t\t\t\t\n\t\t\t\t\t<span class=\"wd-list-content list-content\">\n\t\t\t\t\t\tLast but not least, Glycerin moisturizes deeply, being a natural source of endless benefits. From improving skin's resiliency to enabling the penetration of other ingredients and reducing irritation, it takes center stage as an indispensable element in skincare.\t\t\t\t\t<\/span>\n\n\t\t\t\t\t\t\t\t\t<\/li>\n\t\t\t\t\t<\/ul>\n\n\t\t\t\t\t\t<\/div>\n\t\t\t\t<\/div>\n\t\t\t\t\t<\/div>\n\t\t\t\t<\/div>\n\t\t\t\t<\/div>\n\t\t","protected":false},"excerpt":{"rendered":"<p>Un complexe de r\u00e9tinol puissant, mais doux con\u00e7u pour les novices du r\u00e9tinol et les personnes qui ont de l\u00e9gers probl\u00e8mes de peau. Notre formule utilise la technologie de pointe Poly-Pore\u00ae*, pour encapsuler notre r\u00e9tinol pur \u00e0 haute puissance et le lib\u00e9rer doucement dans le temps pour r\u00e9duire visiblement l\u2019apparence des rides et ridules, am\u00e9liorer le teint et la texture de la peau, et r\u00e9duire les imperfections, sans l&rsquo;irritation et les rougeurs souvent associ\u00e9es aux produits \u00e0 base de r\u00e9tinol.<\/p>\n<p>Pour les peaux qui n\u2019ont jamais \u00e9t\u00e9 trait\u00e9es avec du r\u00e9tinol, pour pr\u00e9parer la peau avant d\u2019utiliser le Retinol 0.5%, ou pour les peaux sensibles.<\/p>\n<p>30 ml \/ 1 fl oz 65g<\/p>\n","protected":false},"featured_media":1162,"comment_status":"open","ping_status":"closed","template":"","meta":[],"product_cat":[614],"product_tag":[553,554,531,555,556,557,558,536,559,537,560,542],"class_list":{"0":"post-1219","1":"product","2":"type-product","3":"status-publish","4":"has-post-thumbnail","6":"product_cat-retinoides","7":"product_tag-0-3-retinol-fr","8":"product_tag-acne-fr","9":"product_tag-aging-skin-fr","10":"product_tag-combination-skin-fr","11":"product_tag-complexe-retinol-fr","12":"product_tag-complexe-retinol-sr-0-3-fr","13":"product_tag-dry-skin-fr","14":"product_tag-normal-skin-fr","15":"product_tag-oily-skin-fr","16":"product_tag-products-fr","17":"product_tag-retinol-fr","18":"product_tag-target-fr","20":"first","21":"instock","22":"featured","23":"shipping-taxable","24":"purchasable","25":"product-type-simple"},"_links":{"self":[{"href":"https:\/\/skincarebycuramed.ca\/fr\/wp-json\/wp\/v2\/product\/1219","targetHints":{"allow":["GET"]}}],"collection":[{"href":"https:\/\/skincarebycuramed.ca\/fr\/wp-json\/wp\/v2\/product"}],"about":[{"href":"https:\/\/skincarebycuramed.ca\/fr\/wp-json\/wp\/v2\/types\/product"}],"replies":[{"embeddable":true,"href":"https:\/\/skincarebycuramed.ca\/fr\/wp-json\/wp\/v2\/comments?post=1219"}],"version-history":[{"count":0,"href":"https:\/\/skincarebycuramed.ca\/fr\/wp-json\/wp\/v2\/product\/1219\/revisions"}],"wp:featuredmedia":[{"embeddable":true,"href":"https:\/\/skincarebycuramed.ca\/fr\/wp-json\/wp\/v2\/media\/1162"}],"wp:attachment":[{"href":"https:\/\/skincarebycuramed.ca\/fr\/wp-json\/wp\/v2\/media?parent=1219"}],"wp:term":[{"taxonomy":"product_cat","embeddable":true,"href":"https:\/\/skincarebycuramed.ca\/fr\/wp-json\/wp\/v2\/product_cat?post=1219"},{"taxonomy":"product_tag","embeddable":true,"href":"https:\/\/skincarebycuramed.ca\/fr\/wp-json\/wp\/v2\/product_tag?post=1219"}],"curies":[{"name":"wp","href":"https:\/\/api.w.org\/{rel}","templated":true}]}}